{"id":1186,"date":"2023-01-27T20:18:03","date_gmt":"2023-01-27T20:18:03","guid":{"rendered":"http:\/\/www.mnatanek.stronazen.pl\/?page_id=1186"},"modified":"2023-02-06T16:10:53","modified_gmt":"2023-02-06T16:10:53","slug":"oferta-albumowa-z-moich-sesji-rodzinnych","status":"publish","type":"page","link":"https:\/\/www.mnatanek.stronazen.pl\/index.php\/oferta-albumowa-z-moich-sesji-rodzinnych\/","title":{"rendered":"Oferta albumOWA z moich sesji rodzinnych"},"content":{"rendered":"\n<p class=\"has-text-align-left\">Z przyjemno\u015bci\u0105 zadbam o Twoje wspomnienia!\u200b<\/p>\n\n\n\n<p class=\"has-text-align-left\">Pami\u0119tam, jak przyje\u017cd\u017caj\u0105c do Babci, swoje kroki kierowa\u0142am prosto do jej saloniku. Tam zawsze pachnia\u0142o szarlotk\u0105, kt\u00f3ra parowa\u0142a ju\u017c na okr\u0105g\u0142ym d\u0119bowym stole. W rogu pokoju sta\u0142a witrynka, a w jej drzwiczkach tkwi\u0142 male\u0144ki kluczyk. Przekr\u0119caj\u0105c go otwiera\u0142 si\u0119 przede mn\u0105 skarbiec pe\u0142en wspomnie\u0144. Pe\u0142en zdj\u0119\u0107, album\u00f3w, list\u00f3w i pami\u0105tek. M\u0142odo\u015b\u0107 Dziadk\u00f3w, mojego Taty, ca\u0142ej naszej rodziny. Nasze \u017cycie. Te zdj\u0119cia, cho\u0107 niedoskona\u0142e, przywo\u0142ywa\u0142y wspomnienia, budzi\u0142y u\u015bpione w nich emocji, dawa\u0142y pocz\u0105tek refleksjom. Uwielbia\u0142am dotyka\u0107 postrz\u0119pionych brzeg\u00f3w zdj\u0119\u0107, odwija\u0107 zagi\u0119te bibu\u0142ki mi\u0119dzy kartami album\u00f3w, zdmuchiwa\u0107 kurz. Trzyma\u0142am w r\u0119kach dni swojego dzieci\u0144stwa i mog\u0142am prze\u017cy\u0107 je jeszcze raz. W g\u0142owie i sercu.<\/p>\n\n\n\n<p class=\"has-text-align-left\">A gdzie jest teraz Tw\u00f3j skarbiec wspomnie\u0144? Gdzie\u015b w chmurze, na dysku, w jednym z folder\u00f3w, w\u015br\u00f3d tysi\u0105ca plik\u00f3w. Kiedy zagl\u0105da\u0142e\u015b tam ostatnio? Panuje tam taki chaos, \u017ce boisz si\u0119 ugrz\u0119zn\u0105\u0107? <br>A mo\u017ce w\u0142a\u015bnie Tw\u00f3j sprz\u0119t si\u0119 popsu\u0142 i straci\u0142e\u015b wszystkie dane? Czyli straci\u0142e\u015b swoje wspomnienia.\u200b<\/p>\n\n\n\n<h1 class=\"has-text-align-center\">Twoje wspomnienia zas\u0142uguj\u0105 na wyj\u0105tkow\u0105 opraw\u0119<\/h1>\n\n\n\n<p class=\"has-text-align-left\">Odbitka zdj\u0119cia to nasze \u017cycie zamkni\u0119te w prostok\u0105cie papieru. \u200b Po latach, cho\u0107 mo\u017ce wyblak\u0142e, ale jest. Mo\u017cesz go dotkn\u0105\u0107, poczu\u0107 jeszcze raz te same emocje. \u200b Albumy ze zdj\u0119ciami s\u0105 jak ksi\u0119gi wype\u0142nione rodzinnymi historiami, \u200bdo kt\u00f3rych mo\u017cna wraca\u0107 bez ko\u0144ca. To \u015bwiadectwo up\u0142ywaj\u0105cego \u200bczasu i naszej to\u017csamo\u015bci. Najcenniejszy skarb. \u200b Najpi\u0119kniejszy dar, kt\u00f3ry mo\u017cemy pozostawi\u0107 po sobie kolejnym pokoleniom. \u200b Czy nie warto zacz\u0105\u0107 tworzy\u0107 go ju\u017c dzi\u015b?\u200b<\/p>\n\n\n\n<div class=\"is-layout-flex wp-container-3 wp-block-columns\">\n<div class=\"is-layout-flow wp-block-column\">\n<figure class=\"wp-block-image size-large\"><img decoding=\"async\" loading=\"lazy\" width=\"683\" height=\"1024\" src=\"https:\/\/www.mnatanek.stronazen.pl\/wp-content\/uploads\/2023\/01\/20210508-IMG_7163-683x1024.jpg\" alt=\"\" class=\"wp-image-922\" srcset=\"https:\/\/www.mnatanek.stronazen.pl\/wp-content\/uploads\/2023\/01\/20210508-IMG_7163-683x1024.jpg 683w, https:\/\/www.mnatanek.stronazen.pl\/wp-content\/uploads\/2023\/01\/20210508-IMG_7163-200x300.jpg 200w, https:\/\/www.mnatanek.stronazen.pl\/wp-content\/uploads\/2023\/01\/20210508-IMG_7163-768x1151.jpg 768w, https:\/\/www.mnatanek.stronazen.pl\/wp-content\/uploads\/2023\/01\/20210508-IMG_7163-1025x1536.jpg 1025w, https:\/\/www.mnatanek.stronazen.pl\/wp-content\/uploads\/2023\/01\/20210508-IMG_7163-1320x1979.jpg 1320w, https:\/\/www.mnatanek.stronazen.pl\/wp-content\/uploads\/2023\/01\/20210508-IMG_7163.jpg 1366w\" sizes=\"(max-width: 683px) 100vw, 683px\" \/><\/figure>\n<\/div>\n\n\n\n<div class=\"is-layout-flow wp-block-column\">\n<figure class=\"wp-block-image size-large\"><img decoding=\"async\" loading=\"lazy\" width=\"683\" height=\"1024\" src=\"https:\/\/www.mnatanek.stronazen.pl\/wp-content\/uploads\/2023\/01\/20210330-IMG_4336-683x1024.jpg\" alt=\"\" class=\"wp-image-927\" srcset=\"https:\/\/www.mnatanek.stronazen.pl\/wp-content\/uploads\/2023\/01\/20210330-IMG_4336-683x1024.jpg 683w, https:\/\/www.mnatanek.stronazen.pl\/wp-content\/uploads\/2023\/01\/20210330-IMG_4336-200x300.jpg 200w, https:\/\/www.mnatanek.stronazen.pl\/wp-content\/uploads\/2023\/01\/20210330-IMG_4336-768x1152.jpg 768w, https:\/\/www.mnatanek.stronazen.pl\/wp-content\/uploads\/2023\/01\/20210330-IMG_4336-1024x1536.jpg 1024w, https:\/\/www.mnatanek.stronazen.pl\/wp-content\/uploads\/2023\/01\/20210330-IMG_4336-1320x1980.jpg 1320w, https:\/\/www.mnatanek.stronazen.pl\/wp-content\/uploads\/2023\/01\/20210330-IMG_4336.jpg 1365w\" sizes=\"(max-width: 683px) 100vw, 683px\" \/><\/figure>\n<\/div>\n<\/div>\n\n\n\n<h2 class=\"has-text-align-left\">JAK DZIA\u0141AM?<\/h2>\n\n\n\n<h3><em>Zaoszcz\u0119dzasz czas<\/em><\/h3>\n\n\n\n<p class=\"has-text-align-left\">Ty musisz tylko wybra\u0107 ulubione zdj\u0119cia i przes\u0142a\u0107 je do mnie. Ja zajm\u0119 si\u0119 reszt\u0105.<\/p>\n\n\n\n<h3 class=\"has-text-align-left\"><em>Indywidualny projekt\u200b<\/em><\/h3>\n\n\n\n<p class=\"has-text-align-left\">Twoje zdj\u0119cia u\u0142o\u017c\u0119 w pi\u0119kny i sp\u00f3jny uk\u0142ad tak, by ka\u017cda rozk\u0142ad\u00f3wka opowiada\u0142a wyj\u0105tkow\u0105 histori\u0119. Ty wybierasz opraw\u0119\u200b i grawer, by album idealnie odpowiada\u0142 Twoim potrzebom.<\/p>\n\n\n\n<h3 class=\"has-text-align-left\"><em>Us\u0142uga premium<\/em><\/h3>\n\n\n\n<p class=\"has-text-align-left\">Cena zawiera kompleksow\u0105 obs\u0142ug\u0119 i produkty jako\u015bci premium. Staram si\u0119 skr\u00f3ci\u0107 czas realizacji do niezb\u0119dnego minimum, tak by\u015b jak najszybciej mog\u0142a cieszy\u0107 si\u0119 swoim albumem i dzieli\u0107 nim z bliskimi.\u200b<\/p>\n\n\n\n<h3 class=\"has-text-align-left\"><em>Gwarancja jako\u015bci\u200b<\/em><\/h3>\n\n\n\n<p class=\"has-text-align-left\">Oferuj\u0119 Ci albumy najwy\u017cszej jako\u015bci firmy Crystal Albums. Zaufa\u0142am im ju\u017c dawno temu i sama oprawiam u nich swoje rodzinne wspomnienia. Zaufaj mi \u2013 zachwyt gwarantowany.<\/p>\n\n\n\n<h2 class=\"has-text-align-left\">WSPOMNIENIA POWINNY CI PRZYPOMINA\u0106 \u200b O TYM CO PI\u0118KNE <br>I WA\u017bNE\u00a0<\/h2>\n\n\n\n<h3 class=\"has-text-align-left\"><em>Fotoalbumy<\/em><\/h3>\n\n\n\n<p class=\"has-text-align-left\">Nie zgub ich \u200bw cyfrowym chaosie\u200b<\/p>\n\n\n\n<p class=\"has-text-align-left\">Przenie\u015b wyj\u0105tkowe wspomnienia z cyfrowego \u015bwiata do rzeczywisto\u015bci. One zas\u0142uguj\u0105 na wyj\u0105tkow\u0105 opraw\u0119.\u200b<\/p>\n\n\n\n<p class=\"has-text-align-left\">Niech wspomnienia kusz\u0105, by do nich wraca\u0107 &#8211; raz za razem, przypominaj\u0105c Ci o tym co pi\u0119kne i wa\u017cne.&nbsp;<\/p>\n\n\n\n<p class=\"has-text-align-left\">Warto podzieli\u0107 si\u0119 tym te\u017c z bliskimi, prawda?<\/p>\n\n\n\n<h3 class=\"has-text-align-left\"><em>Albumy tradycyjne<\/em><\/h3>\n\n\n\n<p class=\"has-text-align-left\">A mo\u017ce wolisz album, kt\u00f3ry samodzielnie wykleisz ulubionymi zdj\u0119ciami? To klasyka w najlepszym wydaniu. Albumy tradycyjne Crystal Albums posiadaj\u0105 czarne karty z jasnymi pergaminowymi przek\u0142adkami.<\/p>\n\n\n\n<p class=\"has-text-align-left\">Ka\u017cdy album mo\u017cesz dopasowa\u0107 do siebie i wybra\u0107 ok\u0142adk\u0119 w Twoim stylu.<\/p>\n\n\n\n<p class=\"has-text-align-left\">Wyrazi Tw\u00f3j charakter i b\u0119dzie do Ciebie pasowa\u0107. Wybierz swoj\u0105 opraw\u0119 z ponad 40 r\u00f3\u017cnych propozycji. Nie b\u00f3j si\u0119 &#8211; ka\u017cda oprawa b\u0119dzie tak miziasta, \u017ce nie b\u0119dziesz chcie\u0107 wypu\u015bci\u0107 jej z r\u0105k. \u200bDo oprawy dodaj okienko lub grawer\/nadruk UV z&nbsp; Twoim tekstem, imionami lub wa\u017cnym cytatem.&nbsp;<\/p>\n\n\n\n<figure class=\"is-layout-flex wp-block-gallery-4 wp-block-gallery has-nested-images columns-default is-cropped\">\n<figure class=\"wp-block-image size-large\"><img decoding=\"async\" loading=\"lazy\" width=\"2048\" height=\"1365\" data-id=\"941\"  src=\"https:\/\/www.mnatanek.stronazen.pl\/wp-content\/uploads\/2023\/01\/20210330-IMG_4331-1.jpg\" alt=\"\" class=\"wp-image-941\" srcset=\"https:\/\/www.mnatanek.stronazen.pl\/wp-content\/uploads\/2023\/01\/20210330-IMG_4331-1.jpg 2048w, https:\/\/www.mnatanek.stronazen.pl\/wp-content\/uploads\/2023\/01\/20210330-IMG_4331-1-300x200.jpg 300w, https:\/\/www.mnatanek.stronazen.pl\/wp-content\/uploads\/2023\/01\/20210330-IMG_4331-1-1024x683.jpg 1024w, https:\/\/www.mnatanek.stronazen.pl\/wp-content\/uploads\/2023\/01\/20210330-IMG_4331-1-768x512.jpg 768w, https:\/\/www.mnatanek.stronazen.pl\/wp-content\/uploads\/2023\/01\/20210330-IMG_4331-1-1536x1024.jpg 1536w, https:\/\/www.mnatanek.stronazen.pl\/wp-content\/uploads\/2023\/01\/20210330-IMG_4331-1-930x620.jpg 930w, https:\/\/www.mnatanek.stronazen.pl\/wp-content\/uploads\/2023\/01\/20210330-IMG_4331-1-1320x880.jpg 1320w\" sizes=\"(max-width: 2048px) 100vw, 2048px\" \/><\/figure>\n<\/figure>\n\n\n\n<h2 class=\"has-text-align-left\">TWOJE WSPOMNIENIA ZAS\u0141UGUJ\u0104 NA WYJ\u0104TKOW\u0104 OPRAW\u0118. POMOG\u0118 CI O NIE ZADBA\u0106. <\/h2>\n\n\n\n<h2 class=\"has-text-align-left\">TY WYBIERZ ZDJ\u0118CIA, A JA ZAJM\u0118 SI\u0118 RESZT\u0104.<\/h2>\n\n\n\n<h2 class=\"has-text-align-left\">CZAS REALIZACJI ZAM\u00d3WIE\u0143 ALBUMOWYCH TO 14 DNI ROBOCZYCH (OD MOMENTU 100% AKCEPTACJI) .<\/h2>\n","protected":false},"excerpt":{"rendered":"<p>Z przyjemno\u015bci\u0105 zadbam o Twoje wspomnienia!\u200b Pami\u0119tam, jak przyje\u017cd\u017caj\u0105c do Babci, swoje kroki kierowa\u0142am prosto do jej saloniku. Tam zawsze pachnia\u0142o szarlotk\u0105, kt\u00f3ra parowa\u0142a ju\u017c na okr\u0105g\u0142ym d\u0119bowym stole. W rogu pokoju sta\u0142a witrynka, a w jej drzwiczkach tkwi\u0142 male\u0144ki kluczyk. Przekr\u0119caj\u0105c go otwiera\u0142 si\u0119 przede mn\u0105 skarbiec pe\u0142en wspomnie\u0144. Pe\u0142en zdj\u0119\u0107, album\u00f3w, list\u00f3w i&hellip;&nbsp;<a href=\"https:\/\/www.mnatanek.stronazen.pl\/index.php\/oferta-albumowa-z-moich-sesji-rodzinnych\/\" class=\"\" rel=\"bookmark\">Czytaj dalej &raquo;<span class=\"screen-reader-text\">Oferta albumOWA z moich sesji rodzinnych<\/span><\/a><\/p>\n","protected":false},"author":1,"featured_media":0,"parent":0,"menu_order":0,"comment_status":"closed","ping_status":"closed","template":"","meta":{"_mi_skip_tracking":false,"neve_meta_sidebar":"","neve_meta_container":"","neve_meta_enable_content_width":"","neve_meta_content_width":0,"neve_meta_title_alignment":"","neve_meta_author_avatar":"","neve_post_elements_order":"","neve_meta_disable_header":"","neve_meta_disable_footer":"","neve_meta_disable_title":""},"_links":{"self":[{"href":"https:\/\/www.mnatanek.stronazen.pl\/index.php\/wp-json\/wp\/v2\/pages\/1186"}],"collection":[{"href":"https:\/\/www.mnatanek.stronazen.pl\/index.php\/wp-json\/wp\/v2\/pages"}],"about":[{"href":"https:\/\/www.mnatanek.stronazen.pl\/index.php\/wp-json\/wp\/v2\/types\/page"}],"author":[{"embeddable":true,"href":"https:\/\/www.mnatanek.stronazen.pl\/index.php\/wp-json\/wp\/v2\/users\/1"}],"replies":[{"embeddable":true,"href":"https:\/\/www.mnatanek.stronazen.pl\/index.php\/wp-json\/wp\/v2\/comments?post=1186"}],"version-history":[{"count":6,"href":"https:\/\/www.mnatanek.stronazen.pl\/index.php\/wp-json\/wp\/v2\/pages\/1186\/revisions"}],"predecessor-version":[{"id":1281,"href":"https:\/\/www.mnatanek.stronazen.pl\/index.php\/wp-json\/wp\/v2\/pages\/1186\/revisions\/1281"}],"wp:attachment":[{"href":"https:\/\/www.mnatanek.stronazen.pl\/index.php\/wp-json\/wp\/v2\/media?parent=1186"}],"curies":[{"name":"wp","href":"https:\/\/api.w.org\/{rel}","templated":true}]}}